{"id":12,"date":"2012-03-11T11:17:37","date_gmt":"2012-03-11T10:17:37","guid":{"rendered":"http:\/\/www.jeromebueche.ch\/?page_id=12"},"modified":"2025-04-11T11:22:52","modified_gmt":"2025-04-11T10:22:52","slug":"vision","status":"publish","type":"page","link":"https:\/\/www.jeromebueche.ch\/?page_id=12","title":{"rendered":"Vision"},"content":{"rendered":"<p>La politique politicienne m&#8217;ennuie. Je trouve dommage que des projets innovants soient enterr\u00e9s, uniquement parce que l&#8217;id\u00e9e venait de l&#8217;autre c\u00f4t\u00e9 de l&#8217;ar\u00e8ne politique.<\/p>\n<p>Si je suis membre du PLR, c&#8217;est parce qu\u2019il s&#8217;agit du parti politique avec lequel je partage le plus de vues. A mon sens, il est important et n\u00e9cessaire que la libre entreprise soit soutenue dans un pays comme la Suisse. Les gens doivent pouvoir investir, construire, d\u00e9velopper leurs entreprises et la vie sociale qui les entoure. C&#8217;est gr\u00e2ce \u00e0 des visionnaires Radicaux que la Suisse moderne a pu \u00eatre cr\u00e9\u00e9e. Ce sont ces m\u00eames Radicaux qui \u00e0 l&#8217;\u00e9poque ont permis aux ouvriers de b\u00e9n\u00e9ficier de vacances obligatoires et qui ont donn\u00e9 \u00e0 toute la population l&#8217;acc\u00e8s aux \u00e9tudes sup\u00e9rieures.<\/p>\n<p>La vie de 2025 n&#8217;est pas la m\u00eame que celle de 1848. Le canton de Neuch\u00e2tel vit des heures sombres, entre une planification hospitali\u00e8re impossible et un endettement croissant. La crise sanitaire de 2020 fait craindre des moments difficiles pour les collectivit\u00e9s publiques au cours des prochaines ann\u00e9es.<\/p>\n<p>Ma vision pour Neuch\u00e2tel : Un canton serein.<\/p>\n<p><strong>Comment assurer la s\u00e9r\u00e9nit\u00e9 du canton ?<\/strong> Tout d&#8217;abord en renflouant les caisses, non pas en assommant les contribuables de toutes les taxes possibles et inimaginables, mais bien en commen\u00e7ant par se serrer la ceinture. Pourquoi accepte-t-on qu&#8217;un canton puisse pr\u00e9senter un budget avec un d\u00e9ficit ? Seuls des comptes \u00e9quilibr\u00e9s qui prennent en compte le remboursement de la dette, doivent \u00eatre propos\u00e9s. Il faut mettre des priorit\u00e9s, investir, mais pas simplement arroser de subventions \u00e0 tout va. L&#8217;exode fiscal que le canton vit actuellement d\u00e9montre l&#8217;urgence de ce changement.<\/p>\n<p>Pour illustrer ce point, voici une petite citation du Dr Adrian Rogers (1931-2005)<\/p>\n<blockquote><p><em>Vous ne pouvez pas apporter la prosp\u00e9rit\u00e9 au pauvre en la retirant au riche. Tout ce qu&#8217;un individu re\u00e7oit sans rien faire pour l&#8217;obtenir, un autre individu a d\u00fb travailler pour le produire sans en tirer profit. Tout Pouvoir ne peut distribuer aux uns que ce qu&#8217;il a pr\u00e9alablement confisqu\u00e9 \u00e0 d&#8217;autres. Quand la moiti\u00e9 d&#8217;un peuple croit qu&#8217;il ne sert \u00e0 rien de faire des efforts car l&#8217;autre moiti\u00e9 les fera pour elle, et quand cette derni\u00e8re moiti\u00e9 se dit qu&#8217;il ne sert \u00e0 rien d&#8217;en faire car ils b\u00e9n\u00e9ficieront \u00e0 d&#8217;autres, cela mes amis, s&#8217;appelle le d\u00e9clin et la fin d&#8217;une nation. On n&#8217;accro\u00eet pas les biens en les divisant.<\/em><\/p>\n<\/blockquote>\n","protected":false},"excerpt":{"rendered":"<p>La politique politicienne m&#8217;ennuie. Je trouve dommage que des projets innovants soient enterr\u00e9s, uniquement parce que l&#8217;id\u00e9e venait de l&#8217;autre c\u00f4t\u00e9 de l&#8217;ar\u00e8ne politique. Si je&#46;&#46;&#46;<\/p>\n","protected":false},"author":1,"featured_media":0,"parent":0,"menu_order":0,"comment_status":"closed","ping_status":"closed","template":"","meta":{"_monsterinsights_skip_tracking":false,"_monsterinsights_sitenote_active":false,"_monsterinsights_sitenote_note":"","_monsterinsights_sitenote_category":0,"footnotes":""},"class_list":["post-12","page","type-page","status-publish","hentry"],"jetpack_shortlink":"https:\/\/wp.me\/P2hxsP-c","jetpack_sharing_enabled":true,"_links":{"self":[{"href":"https:\/\/www.jeromebueche.ch\/index.php?rest_route=\/wp\/v2\/pages\/12","targetHints":{"allow":["GET"]}}],"collection":[{"href":"https:\/\/www.jeromebueche.ch\/index.php?rest_route=\/wp\/v2\/pages"}],"about":[{"href":"https:\/\/www.jeromebueche.ch\/index.php?rest_route=\/wp\/v2\/types\/page"}],"author":[{"embeddable":true,"href":"https:\/\/www.jeromebueche.ch\/index.php?rest_route=\/wp\/v2\/users\/1"}],"replies":[{"embeddable":true,"href":"https:\/\/www.jeromebueche.ch\/index.php?rest_route=%2Fwp%2Fv2%2Fcomments&post=12"}],"version-history":[{"count":10,"href":"https:\/\/www.jeromebueche.ch\/index.php?rest_route=\/wp\/v2\/pages\/12\/revisions"}],"predecessor-version":[{"id":548,"href":"https:\/\/www.jeromebueche.ch\/index.php?rest_route=\/wp\/v2\/pages\/12\/revisions\/548"}],"wp:attachment":[{"href":"https:\/\/www.jeromebueche.ch\/index.php?rest_route=%2Fwp%2Fv2%2Fmedia&parent=12"}],"curies":[{"name":"wp","href":"https:\/\/api.w.org\/{rel}","templated":true}]}}